{"id":36,"date":"2017-11-29T12:00:19","date_gmt":"2017-11-29T12:00:19","guid":{"rendered":"http:\/\/neeb-logistics.com\/railway\/"},"modified":"2018-02-12T12:15:16","modified_gmt":"2018-02-12T12:15:16","slug":"railway","status":"publish","type":"page","link":"http:\/\/neeb-logistics.com\/de\/railway\/","title":{"rendered":"Railway"},"content":{"rendered":"<p>[vc_row][vc_column][vc_row_inner][vc_column_inner width=&#8220;1\/2&#8243;][vc_empty_space][vc_single_image image=&#8220;223&#8243; img_size=&#8220;full&#8220; alignment=&#8220;center&#8220; style=&#8220;vc_box_outline&#8220; border_color=&#8220;black&#8220;][\/vc_column_inner][vc_column_inner width=&#8220;1\/2&#8243;][vc_column_text css=&#8220;.vc_custom_1515496150946{margin: 24px !important;padding: 14px !important;background-color: #898989 !important;border-radius: 10px !important;}&#8220; el_class=&#8220;gris&#8220;]Expertise in der Abfertigung und Transport Ihrer eiligen Warensendungen auf den Bahnverbindungen zwischen China und Europa.[\/vc_column_text][vc_column_text css=&#8220;.vc_custom_1515496161599{margin-top: 24px !important;margin-right: 24px !important;margin-bottom: 24px !important;margin-left: 24px !important;padding-top: 14px !important;padding-right: 14px !important;padding-bottom: 14px !important;padding-left: 14px !important;background-color: #898989 !important;border-radius: 10px !important;}&#8220; el_class=&#8220;gris&#8220;]Gute Hauptlaufkonditionen f\u00fcr FCL und LCL Sendungen und attraktive Vorlaufpreise von den Produktionsst\u00e4tten an der chinesischen Ostk\u00fcste zu den inl\u00e4ndischen Verladebahnh\u00f6fen.[\/vc_column_text][vc_column_text css=&#8220;.vc_custom_1515496169170{margin-top: 24px !important;margin-right: 24px !important;margin-bottom: 24px !important;margin-left: 24px !important;padding-top: 14px !important;padding-right: 14px !important;padding-bottom: 14px !important;padding-left: 14px !important;background-color: #898989 !important;border-radius: 10px !important;}&#8220; el_class=&#8220;gris&#8220;]Warenannahme noch kurzfristig vor Zugabfahrt und schneller Umschlag Ihrer Warensendung nach Zugankunft in Europa.[\/vc_column_text][\/vc_column_inner][\/vc_row_inner][\/vc_column][\/vc_row]<\/p>\n","protected":false},"excerpt":{"rendered":"<p>[vc_row][vc_column][vc_row_inner][vc_column_inner width=&#8220;1\/2&#8243;][vc_empty_space][vc_single_image image=&#8220;223&#8243; img_size=&#8220;full&#8220; alignment=&#8220;center&#8220; style=&#8220;vc_box_outline&#8220; border_color=&#8220;black&#8220;][\/vc_column_inner][vc_column_inner width=&#8220;1\/2&#8243;][vc_column_text css=&#8220;.vc_custom_1515496150946{margin: 24px !important;padding: 14px !important;background-color: #898989 !important;border-radius: 10px !important;}&#8220; el_class=&#8220;gris&#8220;]Expertise in der Abfertigung und Transport Ihrer eiligen Warensendungen auf den Bahnverbindungen zwischen China und Europa.[\/vc_column_text][vc_column_text css=&#8220;.vc_custom_1515496161599{margin-top: 24px !important;margin-right: 24px !important;margin-bottom: 24px !important;margin-left: 24px !important;padding-top: 14px !important;padding-right: 14px !important;padding-bottom: 14px !important;padding-left: 14px !important;background-color: #898989 !important;border-radius: 10px !important;}&#8220; el_class=&#8220;gris&#8220;]Gute&hellip;<\/p>\n","protected":false},"author":1,"featured_media":0,"parent":0,"menu_order":0,"comment_status":"closed","ping_status":"closed","template":"","meta":[],"_links":{"self":[{"href":"http:\/\/neeb-logistics.com\/de\/wp-json\/wp\/v2\/pages\/36\/"}],"collection":[{"href":"http:\/\/neeb-logistics.com\/de\/wp-json\/wp\/v2\/pages\/"}],"about":[{"href":"http:\/\/neeb-logistics.com\/de\/wp-json\/wp\/v2\/types\/page\/"}],"author":[{"embeddable":true,"href":"http:\/\/neeb-logistics.com\/de\/wp-json\/wp\/v2\/users\/1\/"}],"replies":[{"embeddable":true,"href":"http:\/\/neeb-logistics.com\/de\/wp-json\/wp\/v2\/comments\/?post=36"}],"version-history":[{"count":11,"href":"http:\/\/neeb-logistics.com\/de\/wp-json\/wp\/v2\/pages\/36\/revisions\/"}],"predecessor-version":[{"id":229,"href":"http:\/\/neeb-logistics.com\/de\/wp-json\/wp\/v2\/pages\/36\/revisions\/229\/"}],"wp:attachment":[{"href":"http:\/\/neeb-logistics.com\/de\/wp-json\/wp\/v2\/media\/?parent=36"}],"curies":[{"name":"wp","href":"https:\/\/api.w.org\/{rel}","templated":true}]}}