{"id":30,"date":"2017-11-29T11:50:50","date_gmt":"2017-11-29T11:50:50","guid":{"rendered":"http:\/\/neeb-logistics.com\/sea-freight\/"},"modified":"2018-02-12T12:12:20","modified_gmt":"2018-02-12T12:12:20","slug":"sea-freight","status":"publish","type":"page","link":"http:\/\/neeb-logistics.com\/de\/sea-freight\/","title":{"rendered":"Sea freight"},"content":{"rendered":"<p>[vc_row][vc_column width=&#8220;1\/2&#8243;][vc_column_text]<\/p>\n<ul class=\"listado\">\n<li><strong>FCL:<\/strong> Transport Ihrer Vollcontainer von door to door mit bevorzugt eingesetzten\u00a0 Reedern \u2013 \u00a0 aufgrund der Reederallianzen dennoch Zugang zu allen m\u00f6glichen Schiffsuml\u00e4ufen.<\/li>\n<li><strong>LCL:<\/strong> Zeitnahe Verladung Ihrer Containerteilladungen \u2013 von den wichtigsten Seeh\u00e4fen mehrere Abfahrten pro Woche, von den Nebenh\u00e4fen mindestens eine Wochenabfahrt.<\/li>\n<li><strong>Buyers Consol:<\/strong> Konsolidierung Ihrer Teilladungen zu \u201eeigenen\u201c Vollcontainern bei attraktiven Abfertigungs- und Lagerkonditionen im Ladehafen.<\/li>\n<li><strong>Break Bulk:<\/strong>\u00a0 weltweites Partnernetz mit hoher Expertise in der Verladung und Transport nicht containerisierbarer Ladung \u2013 Vorl\u00e4ufe und Nachl\u00e4ufe von und zu den Seeh\u00e4fen k\u00f6nnen mit eigenem Schwerlastequipment durchgef\u00fchrt werden.<\/li>\n<li><strong>Track &amp; Tracing:<\/strong> Individueller Zugang zu www-basierndem Track&amp; Tracing System \u2013 parallel permanente \u00dcberwachung des Sendungsverlauf\u00a0 und schnelle pro-aktive Information im Falle von Planabweichungen.<\/li>\n<\/ul>\n<p>[\/vc_column_text][\/vc_column][vc_column width=&#8220;1\/2&#8243;][vc_single_image image=&#8220;225&#8243; img_size=&#8220;full&#8220; alignment=&#8220;center&#8220; style=&#8220;vc_box_outline&#8220; border_color=&#8220;black&#8220;][vc_single_image image=&#8220;221&#8243; img_size=&#8220;full&#8220; alignment=&#8220;center&#8220; style=&#8220;vc_box_outline&#8220; border_color=&#8220;black&#8220;][\/vc_column][\/vc_row]<\/p>\n","protected":false},"excerpt":{"rendered":"<p>[vc_row][vc_column width=&#8220;1\/2&#8243;][vc_column_text] FCL: Transport Ihrer Vollcontainer von door to door mit bevorzugt eingesetzten\u00a0 Reedern \u2013 \u00a0 aufgrund der Reederallianzen dennoch Zugang zu allen m\u00f6glichen Schiffsuml\u00e4ufen. LCL: Zeitnahe Verladung Ihrer Containerteilladungen \u2013 von den wichtigsten Seeh\u00e4fen mehrere Abfahrten pro Woche, von den Nebenh\u00e4fen mindestens eine Wochenabfahrt. Buyers Consol: Konsolidierung Ihrer Teilladungen zu \u201eeigenen\u201c Vollcontainern bei attraktiven&hellip;<\/p>\n","protected":false},"author":1,"featured_media":0,"parent":0,"menu_order":0,"comment_status":"closed","ping_status":"closed","template":"","meta":[],"_links":{"self":[{"href":"http:\/\/neeb-logistics.com\/de\/wp-json\/wp\/v2\/pages\/30\/"}],"collection":[{"href":"http:\/\/neeb-logistics.com\/de\/wp-json\/wp\/v2\/pages\/"}],"about":[{"href":"http:\/\/neeb-logistics.com\/de\/wp-json\/wp\/v2\/types\/page\/"}],"author":[{"embeddable":true,"href":"http:\/\/neeb-logistics.com\/de\/wp-json\/wp\/v2\/users\/1\/"}],"replies":[{"embeddable":true,"href":"http:\/\/neeb-logistics.com\/de\/wp-json\/wp\/v2\/comments\/?post=30"}],"version-history":[{"count":8,"href":"http:\/\/neeb-logistics.com\/de\/wp-json\/wp\/v2\/pages\/30\/revisions\/"}],"predecessor-version":[{"id":227,"href":"http:\/\/neeb-logistics.com\/de\/wp-json\/wp\/v2\/pages\/30\/revisions\/227\/"}],"wp:attachment":[{"href":"http:\/\/neeb-logistics.com\/de\/wp-json\/wp\/v2\/media\/?parent=30"}],"curies":[{"name":"wp","href":"https:\/\/api.w.org\/{rel}","templated":true}]}}