{"id":193,"date":"2018-01-15T11:03:53","date_gmt":"2018-01-15T11:03:53","guid":{"rendered":"http:\/\/neeb-logistics.com\/?page_id=193"},"modified":"2018-01-15T11:03:53","modified_gmt":"2018-01-15T11:03:53","slug":"cookies","status":"publish","type":"page","link":"http:\/\/neeb-logistics.com\/de\/cookies\/","title":{"rendered":"cookies"},"content":{"rendered":"<p>[vc_row][vc_column][vc_column_text]Wir verwenden eigene Cookies und Cookies Dritter, um unseren Service zu verbessern und Ihnen Werbung gem\u00e4\u00df Ihren Pr\u00e4ferenzen anzuzeigen, indem wir Ihre Surfgewohnheiten analysieren. Sollten Sie weiter auf der Seite verbleiben, betrachten wir dies als Ihre Zustimmung zum Gebrauch der Cookies.[\/vc_column_text][\/vc_column][\/vc_row]<\/p>\n","protected":false},"excerpt":{"rendered":"<p>[vc_row][vc_column][vc_column_text]Wir verwenden eigene Cookies und Cookies Dritter, um unseren Service zu verbessern und Ihnen Werbung gem\u00e4\u00df Ihren Pr\u00e4ferenzen anzuzeigen, indem wir Ihre Surfgewohnheiten analysieren. Sollten Sie weiter auf der Seite verbleiben, betrachten wir dies als Ihre Zustimmung zum Gebrauch der Cookies.[\/vc_column_text][\/vc_column][\/vc_row]<\/p>\n","protected":false},"author":1,"featured_media":0,"parent":0,"menu_order":0,"comment_status":"closed","ping_status":"closed","template":"","meta":[],"_links":{"self":[{"href":"http:\/\/neeb-logistics.com\/de\/wp-json\/wp\/v2\/pages\/193\/"}],"collection":[{"href":"http:\/\/neeb-logistics.com\/de\/wp-json\/wp\/v2\/pages\/"}],"about":[{"href":"http:\/\/neeb-logistics.com\/de\/wp-json\/wp\/v2\/types\/page\/"}],"author":[{"embeddable":true,"href":"http:\/\/neeb-logistics.com\/de\/wp-json\/wp\/v2\/users\/1\/"}],"replies":[{"embeddable":true,"href":"http:\/\/neeb-logistics.com\/de\/wp-json\/wp\/v2\/comments\/?post=193"}],"version-history":[{"count":2,"href":"http:\/\/neeb-logistics.com\/de\/wp-json\/wp\/v2\/pages\/193\/revisions\/"}],"predecessor-version":[{"id":195,"href":"http:\/\/neeb-logistics.com\/de\/wp-json\/wp\/v2\/pages\/193\/revisions\/195\/"}],"wp:attachment":[{"href":"http:\/\/neeb-logistics.com\/de\/wp-json\/wp\/v2\/media\/?parent=193"}],"curies":[{"name":"wp","href":"https:\/\/api.w.org\/{rel}","templated":true}]}}